{"id":27796,"date":"2024-10-02T00:12:06","date_gmt":"2024-10-02T00:12:06","guid":{"rendered":"https:\/\/whiskeylandllc.com\/?post_type=product&#038;p=27796"},"modified":"2024-10-02T00:12:07","modified_gmt":"2024-10-02T00:12:07","slug":"laphroaig-33-year-old-strong-characters-chapter-1","status":"publish","type":"product","link":"https:\/\/whiskeylandllc.com\/ta\/product\/laphroaig-33-year-old-strong-characters-chapter-1\/","title":{"rendered":"Laphroaig 33 Year Old Strong Characters Chapter 1"},"content":{"rendered":"<h1>Laphroaig 33 Year Old Strong Characters Chapter 1<\/h1>\n<div class=\"section-content\">\n<p>Exclusively available from The Whisky Shop from the 6th of October 2024, Laphroaig Strong Characters has been matured for 33 years in a combination of American oak barrels and European oak ex-sherry hogsheads. The long maturation brings new depth to Laphroaig\u2019s iconic character.<\/p>\n<p>Bottled at 43.8% ABV, the expression is a sweet and savoury experience with notes of vanilla cr\u00e8me br\u00fbl\u00e9e and stewed rhubarb, cured meat, sea spray and characteristic peat smoke.<\/p>\n<\/div>","protected":false},"excerpt":{"rendered":"<p>Laphroaig 33 Year Old Strong Characters Chapter 1 Exclusively available from The Whisky Shop from the 6th of October 2024,<\/p>","protected":false},"featured_media":27797,"comment_status":"open","ping_status":"closed","template":"","meta":[],"product_cat":[139],"product_tag":[],"class_list":{"0":"post-27796","1":"product","2":"type-product","3":"status-publish","4":"has-post-thumbnail","6":"product_cat-rare-and-collectable-whiskeys","8":"first","9":"instock","10":"shipping-taxable","11":"purchasable","12":"product-type-simple"},"_links":{"self":[{"href":"https:\/\/whiskeylandllc.com\/ta\/wp-json\/wp\/v2\/product\/27796"}],"collection":[{"href":"https:\/\/whiskeylandllc.com\/ta\/wp-json\/wp\/v2\/product"}],"about":[{"href":"https:\/\/whiskeylandllc.com\/ta\/wp-json\/wp\/v2\/types\/product"}],"replies":[{"embeddable":true,"href":"https:\/\/whiskeylandllc.com\/ta\/wp-json\/wp\/v2\/comments?post=27796"}],"version-history":[{"count":0,"href":"https:\/\/whiskeylandllc.com\/ta\/wp-json\/wp\/v2\/product\/27796\/revisions"}],"wp:featuredmedia":[{"embeddable":true,"href":"https:\/\/whiskeylandllc.com\/ta\/wp-json\/wp\/v2\/media\/27797"}],"wp:attachment":[{"href":"https:\/\/whiskeylandllc.com\/ta\/wp-json\/wp\/v2\/media?parent=27796"}],"wp:term":[{"taxonomy":"product_cat","embeddable":true,"href":"https:\/\/whiskeylandllc.com\/ta\/wp-json\/wp\/v2\/product_cat?post=27796"},{"taxonomy":"product_tag","embeddable":true,"href":"https:\/\/whiskeylandllc.com\/ta\/wp-json\/wp\/v2\/product_tag?post=27796"}],"curies":[{"name":"wp","href":"https:\/\/api.w.org\/{rel}","templated":true}]}}